{"id":3888,"date":"2024-07-08T10:23:36","date_gmt":"2024-07-08T07:23:36","guid":{"rendered":"https:\/\/mediumvioletred-hornet-464890.hostingersite.com\/vision-auftrag\/"},"modified":"2024-08-19T13:16:45","modified_gmt":"2024-08-19T10:16:45","slug":"vision-mission","status":"publish","type":"page","link":"https:\/\/casioairservice.com\/de\/vision-mission\/","title":{"rendered":"Vision &#038; Mission"},"content":{"rendered":"\t\t<div data-elementor-type=\"wp-page\" data-elementor-id=\"3888\" class=\"elementor elementor-3888 elementor-606\" data-elementor-post-type=\"page\">\n\t\t\t\t\t\t<section class=\"elementor-section elementor-top-section elementor-element elementor-element-420fbea6 elementor-section-height-min-height elementor-section-boxed elementor-section-height-default elementor-section-items-middle\" data-id=\"420fbea6\" data-element_type=\"section\" data-e-type=\"section\" data-settings=\"{&quot;background_background&quot;:&quot;classic&quot;}\">\n\t\t\t\t\t\t\t<div class=\"elementor-background-overlay\"><\/div>\n\t\t\t\t\t\t\t<div class=\"elementor-container elementor-column-gap-no\">\n\t\t\t\t\t<div class=\"elementor-column elementor-col-100 elementor-top-column elementor-element elementor-element-6018e769 elementor-invisible\" data-id=\"6018e769\" data-element_type=\"column\" data-e-type=\"column\" data-settings=\"{&quot;animation&quot;:&quot;fadeIn&quot;}\">\n\t\t\t<div class=\"elementor-widget-wrap elementor-element-populated\">\n\t\t\t\t\t\t<div class=\"elementor-element elementor-element-f79eab5 elementor-widget elementor-widget-heading\" data-id=\"f79eab5\" data-element_type=\"widget\" data-e-type=\"widget\" data-widget_type=\"heading.default\">\n\t\t\t\t<div class=\"elementor-widget-container\">\n\t\t\t\t\t<h1 class=\"elementor-heading-title elementor-size-default\">  Vision &amp; Auftrag  <\/h1>\t\t\t\t<\/div>\n\t\t\t\t<\/div>\n\t\t\t\t<div class=\"elementor-element elementor-element-db82730 elementor-icon-list--layout-inline elementor-align-center elementor-list-item-link-full_width elementor-widget elementor-widget-icon-list\" data-id=\"db82730\" data-element_type=\"widget\" data-e-type=\"widget\" data-widget_type=\"icon-list.default\">\n\t\t\t\t<div class=\"elementor-widget-container\">\n\t\t\t\t\t\t\t<ul class=\"elementor-icon-list-items elementor-inline-items\">\n\t\t\t\t\t\t\t<li class=\"elementor-icon-list-item elementor-inline-item\">\n\t\t\t\t\t\t\t\t\t\t\t<a href=\"https:\/\/casioairservice.com\/de\/\">\n\n\t\t\t\t\t\t\t\t\t\t\t<span class=\"elementor-icon-list-text\">Startseite<\/span>\n\t\t\t\t\t\t\t\t\t\t\t<\/a>\n\t\t\t\t\t\t\t\t\t<\/li>\n\t\t\t\t\t\t\t\t<li class=\"elementor-icon-list-item elementor-inline-item\">\n\t\t\t\t\t\t\t\t\t\t<span class=\"elementor-icon-list-text\">\/<\/span>\n\t\t\t\t\t\t\t\t\t<\/li>\n\t\t\t\t\t\t\t\t<li class=\"elementor-icon-list-item elementor-inline-item\">\n\t\t\t\t\t\t\t\t\t\t\t<a href=\"https:\/\/casioairservice.com\/de\/contacts\/\">\n\n\t\t\t\t\t\t\t\t\t\t\t<span class=\"elementor-icon-list-text\">Kontakt<\/span>\n\t\t\t\t\t\t\t\t\t\t\t<\/a>\n\t\t\t\t\t\t\t\t\t<\/li>\n\t\t\t\t\t\t<\/ul>\n\t\t\t\t\t\t<\/div>\n\t\t\t\t<\/div>\n\t\t\t\t\t<\/div>\n\t\t<\/div>\n\t\t\t\t\t<\/div>\n\t\t<\/section>\n\t\t\t\t<section class=\"elementor-section elementor-top-section elementor-element elementor-element-41da8428 elementor-section-boxed elementor-section-height-default elementor-section-height-default elementor-invisible\" data-id=\"41da8428\" data-element_type=\"section\" data-e-type=\"section\" data-settings=\"{&quot;animation&quot;:&quot;fadeInUp&quot;}\">\n\t\t\t\t\t\t<div class=\"elementor-container elementor-column-gap-no\">\n\t\t\t\t\t<div class=\"elementor-column elementor-col-100 elementor-top-column elementor-element elementor-element-35982b24\" data-id=\"35982b24\" data-element_type=\"column\" data-e-type=\"column\">\n\t\t\t<div class=\"elementor-widget-wrap elementor-element-populated\">\n\t\t\t\t\t\t<section class=\"elementor-section elementor-inner-section elementor-element elementor-element-2614a899 elementor-section-boxed elementor-section-height-default elementor-section-height-default\" data-id=\"2614a899\" data-element_type=\"section\" data-e-type=\"section\">\n\t\t\t\t\t\t<div class=\"elementor-container elementor-column-gap-no\">\n\t\t\t\t\t<div class=\"elementor-column elementor-col-100 elementor-inner-column elementor-element elementor-element-294a967a\" data-id=\"294a967a\" data-element_type=\"column\" data-e-type=\"column\">\n\t\t\t<div class=\"elementor-widget-wrap elementor-element-populated\">\n\t\t\t\t<div class=\"elementor-element elementor-element-49111c92 e-flex e-con-boxed e-con e-parent\" data-id=\"49111c92\" data-element_type=\"container\" data-e-type=\"container\">\n\t\t\t\t\t<div class=\"e-con-inner\">\n\t\t\t\t<div class=\"elementor-element elementor-element-6f318b86 elementor-widget elementor-widget-text-editor\" data-id=\"6f318b86\" data-element_type=\"widget\" data-e-type=\"widget\" data-widget_type=\"text-editor.default\">\n\t\t\t\t<div class=\"elementor-widget-container\">\n\t\t\t\t\t\t\t\t\t<p class=\"p1\"><b>Unsere Vision:<\/b><br \/><i>Der leuchtende Stern der Branche:<\/i> <i>Casio Air Service<\/i><br \/>Die Vision von Casio Air Service ist es, ein f\u00fchrendes Unternehmen im Bereich der Luftfahrtdienstleistungen zu sein, das sich an den Prinzipien Qualit\u00e4t, Zuverl\u00e4ssigkeit und Wettbewerbsf\u00e4higkeit orientiert.<br \/>\nUm dieses Ziel zu erreichen, sind wir bestrebt, unseren Kunden einen ma\u00dfgeschneiderten Service zu bieten, der stets auf h\u00f6chstem Niveau und auf ihre spezifischen Bed\u00fcrfnisse abgestimmt ist. <\/p>\n<p><b>Unser Auftrag:<\/b><br \/><i>Casio Air Service: Die Adresse f\u00fcr Vertrauen und Exzellenz in der Luftfahrt<\/i><br \/>Die Aufgabe von Casio Air Service besteht darin, Bodenabfertigungsdienste im Einklang mit den folgenden Kernzielen zu erbringen:<\/p>\n<ul>\n<li><b>Eine globale Macht werden:<\/b> Die Struktur von Casio Air Service zu einem globalen Bodenabfertigungsunternehmen ausbauen und sich auf dem internationalen Parkett einen Namen machen.<\/li>\n<li><b>Hoher Ausbildungsstandard:<\/b> Kontinuierliche Verbesserung der Servicequalit\u00e4t, indem wir sicherstellen, dass das bei Casio Air Service besch\u00e4ftigte Personal gem\u00e4\u00df den nationalen und internationalen Vorschriften geschult ist.<\/li>\n<li><b>Ziel der F\u00fchrung:<\/b> F\u00fchrend bei der Erbringung aller Arten von Dienstleistungen im Bereich der Bodenabfertigungsdienste zu sein und neue Standards in diesem Sektor zu setzen.<\/li>\n<li><b>Sicherer und hochwertiger Service:<\/b> Maximierung der Kundenzufriedenheit durch ein sicheres, qualitativ hochwertiges und ununterbrochenes Servicekonzept, das das Image von Casio Air Service verbessert und die Marketingm\u00f6glichkeiten erh\u00f6ht.<\/li>\n<li><b>Ein internationaler Name:<\/b> Wir wollen eine Quelle des Stolzes f\u00fcr die t\u00fcrkische Luftfahrtindustrie werden, indem wir Casio Air Service mittelfristig zu einem wichtigen Unternehmen in der nationalen und internationalen Arena machen.<\/li>\n<\/ul>\n\t\t\t\t\t\t\t\t<\/div>\n\t\t\t\t<\/div>\n\t\t\t\t\t<\/div>\n\t\t\t\t<\/div>\n\t\t\t\t\t<\/div>\n\t\t<\/div>\n\t\t\t\t\t<\/div>\n\t\t<\/section>\n\t\t\t\t\t<\/div>\n\t\t<\/div>\n\t\t\t\t\t<\/div>\n\t\t<\/section>\n\t\t\t\t<section class=\"elementor-section elementor-top-section elementor-element elementor-element-c6fe020 elementor-section-boxed elementor-section-height-default elementor-section-height-default elementor-invisible\" data-id=\"c6fe020\" data-element_type=\"section\" data-e-type=\"section\" data-settings=\"{&quot;animation&quot;:&quot;fadeInUp&quot;}\">\n\t\t\t\t\t\t<div class=\"elementor-container elementor-column-gap-no\">\n\t\t\t\t\t<div class=\"elementor-column elementor-col-100 elementor-top-column elementor-element elementor-element-02446f1\" data-id=\"02446f1\" data-element_type=\"column\" data-e-type=\"column\">\n\t\t\t<div class=\"elementor-widget-wrap elementor-element-populated\">\n\t\t\t\t\t\t<section class=\"elementor-section elementor-inner-section elementor-element elementor-element-6e84a55 elementor-section-boxed elementor-section-height-default elementor-section-height-default\" data-id=\"6e84a55\" data-element_type=\"section\" data-e-type=\"section\">\n\t\t\t\t\t\t<div class=\"elementor-container elementor-column-gap-no\">\n\t\t\t\t\t<div class=\"elementor-column elementor-col-100 elementor-inner-column elementor-element elementor-element-f93ed12\" data-id=\"f93ed12\" data-element_type=\"column\" data-e-type=\"column\">\n\t\t\t<div class=\"elementor-widget-wrap elementor-element-populated\">\n\t\t\t\t\t\t<div class=\"elementor-element elementor-element-3bc1832 elementor-widget elementor-widget-heading\" data-id=\"3bc1832\" data-element_type=\"widget\" data-e-type=\"widget\" data-widget_type=\"heading.default\">\n\t\t\t\t<div class=\"elementor-widget-container\">\n\t\t\t\t\t<h2 class=\"elementor-heading-title elementor-size-default\">W\u00e4hlen Sie den Casio Air Service und sp\u00fcren Sie den Unterschied<\/h2>\t\t\t\t<\/div>\n\t\t\t\t<\/div>\n\t\t\t\t<div class=\"elementor-element elementor-element-67557c1 elementor-widget elementor-widget-heading\" data-id=\"67557c1\" data-element_type=\"widget\" data-e-type=\"widget\" data-widget_type=\"heading.default\">\n\t\t\t\t<div class=\"elementor-widget-container\">\n\t\t\t\t\t<span class=\"elementor-heading-title elementor-size-default\">Wenn Sie auf der Suche nach den besten Flugdienstleistungen sind, entscheiden Sie sich f\u00fcr Casio Air Service.\nMit unserem erfahrenen Team, einer breiten Palette von Dienstleistungen und einem professionellen Ansatz garantieren wir Ihnen in jedem Moment Ihres Fluges ein makelloses Erlebnis. <\/span>\t\t\t\t<\/div>\n\t\t\t\t<\/div>\n\t\t\t\t\t<\/div>\n\t\t<\/div>\n\t\t\t\t\t<\/div>\n\t\t<\/section>\n\t\t<div class=\"elementor-element elementor-element-5d8a5f6 e-grid e-con-boxed e-con e-parent\" data-id=\"5d8a5f6\" data-element_type=\"container\" data-e-type=\"container\">\n\t\t\t\t\t<div class=\"e-con-inner\">\n\t\t<div class=\"elementor-element elementor-element-cbfa037 e-con-full e-flex e-con e-child\" data-id=\"cbfa037\" data-element_type=\"container\" data-e-type=\"container\">\n\t\t\t\t<div class=\"elementor-element elementor-element-f3dc239 elementor-position-top elementor-widget elementor-widget-image-box\" data-id=\"f3dc239\" data-element_type=\"widget\" data-e-type=\"widget\" data-widget_type=\"image-box.default\">\n\t\t\t\t<div class=\"elementor-widget-container\">\n\t\t\t\t\t<div class=\"elementor-image-box-wrapper\"><figure class=\"elementor-image-box-img\"><img fetchpriority=\"high\" decoding=\"async\" width=\"570\" height=\"400\" src=\"https:\/\/casioairservice.com\/wp-content\/uploads\/2024\/07\/Untitled-design-30.jpg\" class=\"attachment-large size-large wp-image-3974\" alt=\"\" srcset=\"https:\/\/casioairservice.com\/wp-content\/uploads\/2024\/07\/Untitled-design-30.jpg 570w, https:\/\/casioairservice.com\/wp-content\/uploads\/2024\/07\/Untitled-design-30-300x211.jpg 300w\" sizes=\"(max-width: 570px) 100vw, 570px\" \/><\/figure><div class=\"elementor-image-box-content\"><h3 class=\"elementor-image-box-title\">\u00dcber uns<\/h3><p class=\"elementor-image-box-description\">Casio Air Service, eine Tochtergesellschaft der Caly Group, wurde 1991 gegr\u00fcndet und ist ein f\u00fchrender Anbieter von Flugdienstleistungen in der T\u00fcrkei.<\/p><\/div><\/div>\t\t\t\t<\/div>\n\t\t\t\t<\/div>\n\t\t\t\t<div class=\"elementor-element elementor-element-83606db elementor-widget elementor-widget-button\" data-id=\"83606db\" data-element_type=\"widget\" data-e-type=\"widget\" data-widget_type=\"button.default\">\n\t\t\t\t<div class=\"elementor-widget-container\">\n\t\t\t\t\t\t\t\t\t<div class=\"elementor-button-wrapper\">\n\t\t\t\t\t<a class=\"elementor-button elementor-button-link elementor-size-sm\" href=\"https:\/\/casioairservice.com\/de\/about-us\/\">\n\t\t\t\t\t\t<span class=\"elementor-button-content-wrapper\">\n\t\t\t\t\t\t<span class=\"elementor-button-icon\">\n\t\t\t\t<svg aria-hidden=\"true\" class=\"e-font-icon-svg e-fas-angle-right\" viewBox=\"0 0 256 512\" xmlns=\"http:\/\/www.w3.org\/2000\/svg\"><path d=\"M224.3 273l-136 136c-9.4 9.4-24.6 9.4-33.9 0l-22.6-22.6c-9.4-9.4-9.4-24.6 0-33.9l96.4-96.4-96.4-96.4c-9.4-9.4-9.4-24.6 0-33.9L54.3 103c9.4-9.4 24.6-9.4 33.9 0l136 136c9.5 9.4 9.5 24.6.1 34z\"><\/path><\/svg>\t\t\t<\/span>\n\t\t\t\t\t\t\t\t\t<span class=\"elementor-button-text\">mehr erfahren<\/span>\n\t\t\t\t\t<\/span>\n\t\t\t\t\t<\/a>\n\t\t\t\t<\/div>\n\t\t\t\t\t\t\t\t<\/div>\n\t\t\t\t<\/div>\n\t\t\t\t<\/div>\n\t\t<div class=\"elementor-element elementor-element-fa89930 e-con-full e-flex e-con e-child\" data-id=\"fa89930\" data-element_type=\"container\" data-e-type=\"container\">\n\t\t\t\t<div class=\"elementor-element elementor-element-3068bac elementor-position-top elementor-widget elementor-widget-image-box\" data-id=\"3068bac\" data-element_type=\"widget\" data-e-type=\"widget\" data-widget_type=\"image-box.default\">\n\t\t\t\t<div class=\"elementor-widget-container\">\n\t\t\t\t\t<div class=\"elementor-image-box-wrapper\"><figure class=\"elementor-image-box-img\"><img decoding=\"async\" width=\"570\" height=\"400\" src=\"https:\/\/casioairservice.com\/wp-content\/uploads\/2024\/07\/Untitled-design-33.jpg\" class=\"attachment-full size-full wp-image-909\" alt=\"\" srcset=\"https:\/\/casioairservice.com\/wp-content\/uploads\/2024\/07\/Untitled-design-33.jpg 570w, https:\/\/casioairservice.com\/wp-content\/uploads\/2024\/07\/Untitled-design-33-300x211.jpg 300w\" sizes=\"(max-width: 570px) 100vw, 570px\" \/><\/figure><div class=\"elementor-image-box-content\"><h3 class=\"elementor-image-box-title\">Unsere Werte<\/h3><p class=\"elementor-image-box-description\">Casio Air Service basiert auf unseren Grundwerten, die unsere Position als f\u00fchrendes Unternehmen in der Luftfahrtindustrie gefestigt haben und uns von anderen abheben.  <\/p><\/div><\/div>\t\t\t\t<\/div>\n\t\t\t\t<\/div>\n\t\t\t\t<div class=\"elementor-element elementor-element-b1e4488 elementor-widget elementor-widget-button\" data-id=\"b1e4488\" data-element_type=\"widget\" data-e-type=\"widget\" data-widget_type=\"button.default\">\n\t\t\t\t<div class=\"elementor-widget-container\">\n\t\t\t\t\t\t\t\t\t<div class=\"elementor-button-wrapper\">\n\t\t\t\t\t<a class=\"elementor-button elementor-button-link elementor-size-sm\" href=\"https:\/\/casioairservice.com\/de\/our-values\/\">\n\t\t\t\t\t\t<span class=\"elementor-button-content-wrapper\">\n\t\t\t\t\t\t<span class=\"elementor-button-icon\">\n\t\t\t\t<svg aria-hidden=\"true\" class=\"e-font-icon-svg e-fas-angle-right\" viewBox=\"0 0 256 512\" xmlns=\"http:\/\/www.w3.org\/2000\/svg\"><path d=\"M224.3 273l-136 136c-9.4 9.4-24.6 9.4-33.9 0l-22.6-22.6c-9.4-9.4-9.4-24.6 0-33.9l96.4-96.4-96.4-96.4c-9.4-9.4-9.4-24.6 0-33.9L54.3 103c9.4-9.4 24.6-9.4 33.9 0l136 136c9.5 9.4 9.5 24.6.1 34z\"><\/path><\/svg>\t\t\t<\/span>\n\t\t\t\t\t\t\t\t\t<span class=\"elementor-button-text\">mehr erfahren<\/span>\n\t\t\t\t\t<\/span>\n\t\t\t\t\t<\/a>\n\t\t\t\t<\/div>\n\t\t\t\t\t\t\t\t<\/div>\n\t\t\t\t<\/div>\n\t\t\t\t<\/div>\n\t\t<div class=\"elementor-element elementor-element-6de6bb3 e-con-full e-flex e-con e-child\" data-id=\"6de6bb3\" data-element_type=\"container\" data-e-type=\"container\">\n\t\t\t\t<div class=\"elementor-element elementor-element-7ebb7df elementor-position-top elementor-widget elementor-widget-image-box\" data-id=\"7ebb7df\" data-element_type=\"widget\" data-e-type=\"widget\" data-widget_type=\"image-box.default\">\n\t\t\t\t<div class=\"elementor-widget-container\">\n\t\t\t\t\t<div class=\"elementor-image-box-wrapper\"><figure class=\"elementor-image-box-img\"><img decoding=\"async\" width=\"570\" height=\"400\" src=\"https:\/\/casioairservice.com\/wp-content\/uploads\/2024\/07\/Untitled-design-29.jpg\" class=\"attachment-full size-full wp-image-904\" alt=\"\" srcset=\"https:\/\/casioairservice.com\/wp-content\/uploads\/2024\/07\/Untitled-design-29.jpg 570w, https:\/\/casioairservice.com\/wp-content\/uploads\/2024\/07\/Untitled-design-29-300x211.jpg 300w\" sizes=\"(max-width: 570px) 100vw, 570px\" \/><\/figure><div class=\"elementor-image-box-content\"><h3 class=\"elementor-image-box-title\">Qualit\u00e4tspolitik<\/h3><p class=\"elementor-image-box-description\">Casio Air h\u00e4lt sich strikt an unsere Grunds\u00e4tze und gesetzlichen Vorschriften, im Lichte unserer Grundwerte, die uns auszeichnen und unsere Position als f\u00fchrendes Unternehmen in der Luftfahrtindustrie festigen.  <\/p><\/div><\/div>\t\t\t\t<\/div>\n\t\t\t\t<\/div>\n\t\t\t\t<div class=\"elementor-element elementor-element-039d4ea elementor-widget elementor-widget-button\" data-id=\"039d4ea\" data-element_type=\"widget\" data-e-type=\"widget\" data-widget_type=\"button.default\">\n\t\t\t\t<div class=\"elementor-widget-container\">\n\t\t\t\t\t\t\t\t\t<div class=\"elementor-button-wrapper\">\n\t\t\t\t\t<a class=\"elementor-button elementor-button-link elementor-size-sm\" href=\"https:\/\/casioairservice.com\/de\/quality-policy\/\">\n\t\t\t\t\t\t<span class=\"elementor-button-content-wrapper\">\n\t\t\t\t\t\t<span class=\"elementor-button-icon\">\n\t\t\t\t<svg aria-hidden=\"true\" class=\"e-font-icon-svg e-fas-angle-right\" viewBox=\"0 0 256 512\" xmlns=\"http:\/\/www.w3.org\/2000\/svg\"><path d=\"M224.3 273l-136 136c-9.4 9.4-24.6 9.4-33.9 0l-22.6-22.6c-9.4-9.4-9.4-24.6 0-33.9l96.4-96.4-96.4-96.4c-9.4-9.4-9.4-24.6 0-33.9L54.3 103c9.4-9.4 24.6-9.4 33.9 0l136 136c9.5 9.4 9.5 24.6.1 34z\"><\/path><\/svg>\t\t\t<\/span>\n\t\t\t\t\t\t\t\t\t<span class=\"elementor-button-text\">mehr erfahren<\/span>\n\t\t\t\t\t<\/span>\n\t\t\t\t\t<\/a>\n\t\t\t\t<\/div>\n\t\t\t\t\t\t\t\t<\/div>\n\t\t\t\t<\/div>\n\t\t\t\t<\/div>\n\t\t\t\t\t<\/div>\n\t\t\t\t<\/div>\n\t\t\t\t\t<\/div>\n\t\t<\/div>\n\t\t\t\t\t<\/div>\n\t\t<\/section>\n\t\t\t\t<\/div>\n\t\t","protected":false},"excerpt":{"rendered":"<p>Vision &amp; Auftrag Startseite \/ Kontakt Unsere Vision:Der leuchtende Stern der Branche: Casio Air ServiceDie Vision von Casio Air Service ist es, ein f\u00fchrendes Unternehmen im Bereich der Luftfahrtdienstleistungen zu sein, das sich an den Prinzipien Qualit\u00e4t, Zuverl\u00e4ssigkeit und Wettbewerbsf\u00e4higkeit orientiert. Um dieses Ziel zu erreichen, sind wir bestrebt, unseren Kunden einen ma\u00dfgeschneiderten Service zu [&hellip;]<\/p>\n","protected":false},"author":1,"featured_media":0,"parent":0,"menu_order":0,"comment_status":"closed","ping_status":"closed","template":"elementor_header_footer","meta":{"footnotes":""},"class_list":["post-3888","page","type-page","status-publish","hentry"],"_links":{"self":[{"href":"https:\/\/casioairservice.com\/de\/wp-json\/wp\/v2\/pages\/3888","targetHints":{"allow":["GET"]}}],"collection":[{"href":"https:\/\/casioairservice.com\/de\/wp-json\/wp\/v2\/pages"}],"about":[{"href":"https:\/\/casioairservice.com\/de\/wp-json\/wp\/v2\/types\/page"}],"author":[{"embeddable":true,"href":"https:\/\/casioairservice.com\/de\/wp-json\/wp\/v2\/users\/1"}],"replies":[{"embeddable":true,"href":"https:\/\/casioairservice.com\/de\/wp-json\/wp\/v2\/comments?post=3888"}],"version-history":[{"count":12,"href":"https:\/\/casioairservice.com\/de\/wp-json\/wp\/v2\/pages\/3888\/revisions"}],"predecessor-version":[{"id":4106,"href":"https:\/\/casioairservice.com\/de\/wp-json\/wp\/v2\/pages\/3888\/revisions\/4106"}],"wp:attachment":[{"href":"https:\/\/casioairservice.com\/de\/wp-json\/wp\/v2\/media?parent=3888"}],"curies":[{"name":"wp","href":"https:\/\/api.w.org\/{rel}","templated":true}]}}